{"id":31,"date":"2024-12-15T17:43:56","date_gmt":"2024-12-15T17:43:56","guid":{"rendered":"https:\/\/mo-heizung.de\/?page_id=31"},"modified":"2024-12-15T17:45:31","modified_gmt":"2024-12-15T17:45:31","slug":"31-2","status":"publish","type":"page","link":"https:\/\/mo-heizung.de\/","title":{"rendered":""},"content":{"rendered":"\n<div class=\"container\" >\n<div class=\"item\">\n<div style=\"width:100%; text-align:center\">\n<img decoding=\"async\" src=\"https:\/\/mo-heizung.de\/wp-content\/uploads\/2024\/12\/maioehler_projekt.png\" style=\"top:20px; width:150px\">\n<\/div>\n\n<div style=\"text-align:left\">\n<p>\n<strong>Zuverl\u00e4ssiger Partner f\u00fcr Ihr Projekt gesucht?<\/strong>\n<\/p>\n<p>\nWir bieten<\/p>\n<ul><li>Heizungsbau<\/li>\n<li>Sanit\u00e4rarbeiten<\/li>\n<li>Kleinreparaturen<\/li>\n<li>Wartungsarbeiten<\/li>\n<\/ul>\n<p>Wir legen gro\u00dfen Wert auf eine verst\u00e4ndliche Beratung, eine sorgf\u00e4ltige Planung und eine termintreue, individuelle und fachgerechte Ausf\u00fchrung.<\/p> \n\n<p>Unser Team steht f\u00fcr ausgezeichneten Kundenservice, Verl\u00e4sslichkeit und Leidenschaft.<\/p>\n\n<\/p>\n<\/div>\n\n<\/div>\n\n\n\n\n<div class=\"item\">\n<div style=\"width:100%; text-align:center\">\n<img decoding=\"async\" src=\"https:\/\/mo-heizung.de\/wp-content\/uploads\/2024\/12\/maioehler_team.png\" style=\"top:20px; width:150px\">\n<\/div>\n\n<div style=\"text-align:left\">\n<p>\n<strong>Neue berufliche Perspektive gesucht?\n<\/strong>\n<\/p>\n<p>\nWir bieten<\/p>\n<ul>\n<li>vom Praktikum <\/li>\n<li>\u00fcber die Ausbildung <\/li>\n<li>bis hin zur fachlichen Weiterbildung <\/li>\n<\/ul>\n<p>alle M\u00f6glichkeiten, um in unser Handwerk reinzuschnuppern oder um langfristig Teil unseres Teams zu werden. \n<\/p> \n\n<p>Ein Job bei uns bietet beste Aussichten auf berufliche Sicherheit und Karriere, sowie die Arbeit in einem <strong>Betrieb mit echtem Team-Spirit!<\/strong> Mit modernen Arbeitszeitmodellen bieten wir ein hohes Ma\u00df an Flexibilit\u00e4t!\n<\/p>\n\n<\/p>\n<\/div>\n\n<\/div>\n\n\n\n<\/div>\n\n\n\n<div style=\"margin-top:40px;width:100%; font-size:24px; color:#306db5; text-align:center\">\n<p>Wir freuen uns darauf, Sie kennen zu lernen!<\/p>\n<\/div>\n\n\n\n<p><\/p>\n","protected":false},"excerpt":{"rendered":"<p>Zuverl\u00e4ssiger Partner f\u00fcr Ihr Projekt gesucht? Wir bieten Heizungsbau Sanit\u00e4rarbeiten Kleinreparaturen Wartungsarbeiten Wir legen gro\u00dfen Wert auf eine verst\u00e4ndliche Beratung, eine sorgf\u00e4ltige Planung und eine termintreue, individuelle und fachgerechte Ausf\u00fchrung. Unser Team steht f\u00fcr ausgezeichneten Kundenservice, Verl\u00e4sslichkeit und Leidenschaft. Neue berufliche Perspektive gesucht? Wir bieten vom Praktikum \u00fcber die Ausbildung bis hin zur fachlichen Weiterbildung [&hellip;]<\/p>\n","protected":false},"author":3,"featured_media":0,"parent":0,"menu_order":0,"comment_status":"closed","ping_status":"closed","template":"","meta":{"footnotes":""},"class_list":["post-31","page","type-page","status-publish","hentry"],"_links":{"self":[{"href":"https:\/\/mo-heizung.de\/index.php?rest_route=\/wp\/v2\/pages\/31","targetHints":{"allow":["GET"]}}],"collection":[{"href":"https:\/\/mo-heizung.de\/index.php?rest_route=\/wp\/v2\/pages"}],"about":[{"href":"https:\/\/mo-heizung.de\/index.php?rest_route=\/wp\/v2\/types\/page"}],"author":[{"embeddable":true,"href":"https:\/\/mo-heizung.de\/index.php?rest_route=\/wp\/v2\/users\/3"}],"replies":[{"embeddable":true,"href":"https:\/\/mo-heizung.de\/index.php?rest_route=%2Fwp%2Fv2%2Fcomments&post=31"}],"version-history":[{"count":2,"href":"https:\/\/mo-heizung.de\/index.php?rest_route=\/wp\/v2\/pages\/31\/revisions"}],"predecessor-version":[{"id":34,"href":"https:\/\/mo-heizung.de\/index.php?rest_route=\/wp\/v2\/pages\/31\/revisions\/34"}],"wp:attachment":[{"href":"https:\/\/mo-heizung.de\/index.php?rest_route=%2Fwp%2Fv2%2Fmedia&parent=31"}],"curies":[{"name":"wp","href":"https:\/\/api.w.org\/{rel}","templated":true}]}}